{"id":557,"date":"2015-06-18T21:01:31","date_gmt":"2015-06-18T19:01:31","guid":{"rendered":"http:\/\/www.vfg-bonn.de\/wp-fkm\/?page_id=557"},"modified":"2020-04-20T06:30:33","modified_gmt":"2020-04-20T04:30:33","slug":"sporttherapie","status":"publish","type":"page","link":"https:\/\/www.vfg-bonn.de\/fachklinik\/sporttherapie\/","title":{"rendered":"Sporttherapie"},"content":{"rendered":"\n<style type=\"text\/css\" data-created_by=\"avia_inline_auto\" id=\"style-css-av-34wvb1-31045a760f2eb6798f80772c129a819f\">\n.avia-section.av-34wvb1-31045a760f2eb6798f80772c129a819f .av-parallax .av-parallax-inner{\nbackground-repeat:no-repeat;\nbackground-image:url(https:\/\/www.vfg-bonn.de\/fachklinik\/wp-content\/uploads\/DSC4977.jpg);\nbackground-position:50% 100%;\nbackground-attachment:scroll;\n}\n<\/style>\n<div id='av_section_1'  class='avia-section av-34wvb1-31045a760f2eb6798f80772c129a819f main_color avia-section-large avia-no-shadow  avia-builder-el-0  el_before_av_one_full  avia-builder-el-first  spezialueberschrift avia-full-stretch av-parallax-section avia-bg-style-parallax av-minimum-height av-minimum-height-50 av-height-50  container_wrap fullsize'  data-section-bg-repeat='stretch' data-av_minimum_height_pc='50' data-av_min_height_opt='50'><div class='av-parallax' data-avia-parallax-ratio='0.3' ><div class='av-parallax-inner main_color avia-full-stretch'><\/div><\/div><div class='container av-section-cont-open' ><main  role=\"main\" itemprop=\"mainContentOfPage\"  class='template-page content  av-content-full alpha units'><div class='post-entry post-entry-type-page post-entry-557'><div class='entry-content-wrapper clearfix'>\n\n<style type=\"text\/css\" data-created_by=\"avia_inline_auto\" id=\"style-css-av-2x8ukt-c79fee7d332ed766593a1a0954507ad6\">\n#top .av-special-heading.av-2x8ukt-c79fee7d332ed766593a1a0954507ad6{\npadding-bottom:0;\ncolor:#e3000b;\nfont-size:40px;\n}\nbody .av-special-heading.av-2x8ukt-c79fee7d332ed766593a1a0954507ad6 .av-special-heading-tag .heading-char{\nfont-size:25px;\n}\n#top #wrap_all .av-special-heading.av-2x8ukt-c79fee7d332ed766593a1a0954507ad6 .av-special-heading-tag{\nfont-size:40px;\n}\n.av-special-heading.av-2x8ukt-c79fee7d332ed766593a1a0954507ad6 .special-heading-inner-border{\nborder-color:#e3000b;\n}\n.av-special-heading.av-2x8ukt-c79fee7d332ed766593a1a0954507ad6 .av-subheading{\nfont-size:15px;\n}\n\n@media only screen and (min-width: 480px) and (max-width: 767px){ \n#top #wrap_all .av-special-heading.av-2x8ukt-c79fee7d332ed766593a1a0954507ad6 .av-special-heading-tag{\nfont-size:0.8em;\n}\n}\n\n@media only screen and (max-width: 479px){ \n#top #wrap_all .av-special-heading.av-2x8ukt-c79fee7d332ed766593a1a0954507ad6 .av-special-heading-tag{\nfont-size:0.8em;\n}\n}\n<\/style>\n<div  class='av-special-heading av-2x8ukt-c79fee7d332ed766593a1a0954507ad6 av-special-heading-h3 custom-color-heading blockquote modern-quote  avia-builder-el-1  el_before_av_hr  avia-builder-el-first  av-inherit-size'><h3 class='av-special-heading-tag '  itemprop=\"headline\"  >Sport\u00adtherapie<\/h3><div class=\"special-heading-border\"><div class=\"special-heading-inner-border\"><\/div><\/div><\/div>\n\n<style type=\"text\/css\" data-created_by=\"avia_inline_auto\" id=\"style-css-av-2qzeu5-e95b4bf0ea3d9f0a208722684ad9ac47\">\n#top .hr.av-2qzeu5-e95b4bf0ea3d9f0a208722684ad9ac47{\nmargin-top:30px;\nmargin-bottom:30px;\n}\n.hr.av-2qzeu5-e95b4bf0ea3d9f0a208722684ad9ac47 .hr-inner{\nwidth:20%;\nborder-color:#e3000b;\nmax-width:45%;\n}\n.hr.av-2qzeu5-e95b4bf0ea3d9f0a208722684ad9ac47 .av-seperator-icon{\ncolor:#e3000b;\n}\n.hr.av-2qzeu5-e95b4bf0ea3d9f0a208722684ad9ac47 .av-seperator-icon.avia-svg-icon svg:first-child{\nfill:#e3000b;\nstroke:#e3000b;\n}\n<\/style>\n<div  class='hr av-2qzeu5-e95b4bf0ea3d9f0a208722684ad9ac47 hr-custom  avia-builder-el-2  el_after_av_heading  avia-builder-el-last  hr-left hr-icon-yes'><span class='hr-inner inner-border-av-border-thin'><span class=\"hr-inner-style\"><\/span><\/span><span class='av-seperator-icon avia-iconfont avia-font-entypo-fontello' data-av_icon='\ue8bf' data-av_iconfont='entypo-fontello' ><\/span><span class='hr-inner inner-border-av-border-thin'><span class=\"hr-inner-style\"><\/span><\/span><\/div>\n<\/div><\/div><\/main><!-- close content main element --><\/div><\/div><div id='after_section_1'  class='main_color av_default_container_wrap container_wrap fullsize'  ><div class='container av-section-cont-open' ><div class='template-page content  av-content-full alpha units'><div class='post-entry post-entry-type-page post-entry-557'><div class='entry-content-wrapper clearfix'>\n<div class='flex_column_table av-2idyel-2e2b6ca9b8f8f60771b987fe155a6225 sc-av_one_full av-equal-height-column-flextable'>\n<style type=\"text\/css\" data-created_by=\"avia_inline_auto\" id=\"style-css-av-2idyel-2e2b6ca9b8f8f60771b987fe155a6225\">\n#top .flex_column_table.av-equal-height-column-flextable.av-2idyel-2e2b6ca9b8f8f60771b987fe155a6225{\nmargin-top:-90px;\n}\n.flex_column.av-2idyel-2e2b6ca9b8f8f60771b987fe155a6225{\nborder-radius:0px 0px 0px 0px;\npadding:30px 30px 30px 30px;\nbackground-color:#ffffff;\n}\n<\/style>\n<div  class='flex_column av-2idyel-2e2b6ca9b8f8f60771b987fe155a6225 av_one_full  avia-builder-el-3  el_after_av_section  el_before_av_one_half  avia-builder-el-first  first flex_column_table_cell av-equal-height-column av-align-top  '     ><section  class='av_textblock_section av-2dhvo5-edd50c1e73b9ccb39543f52c10b3aff7 '   itemscope=\"itemscope\" itemtype=\"https:\/\/schema.org\/CreativeWork\" ><div class='avia_textblock padleft'  itemprop=\"text\" ><p><img loading=\"lazy\" decoding=\"async\" class=\"size-medium wp-image-3269 alignright\" src=\"https:\/\/vfg-bonn.de\/fachklinik\/wp-content\/uploads\/DSC_6734-450x306.jpg\" alt=\"\" width=\"450\" height=\"306\" srcset=\"https:\/\/www.vfg-bonn.de\/fachklinik\/wp-content\/uploads\/DSC_6734-450x306.jpg 450w, https:\/\/www.vfg-bonn.de\/fachklinik\/wp-content\/uploads\/DSC_6734-768x522.jpg 768w, https:\/\/www.vfg-bonn.de\/fachklinik\/wp-content\/uploads\/DSC_6734-705x480.jpg 705w, https:\/\/www.vfg-bonn.de\/fachklinik\/wp-content\/uploads\/DSC_6734.jpg 882w\" sizes=\"auto, (max-width: 450px) 100vw, 450px\" \/><\/p>\n<p>In der Sporttherapie m\u00f6chten wir unseren Rehabilitanden den Spa\u00df an Sport und Bewegung vermitteln, ihre k\u00f6rperliche Leistungsf\u00e4higkeit durch regelm\u00e4\u00dfiges Training verbessern und ihre sozialen Kompetenzen st\u00e4rken. Dabei bedient sich die Sporttherapie verschiedener Methoden, um die im Sport auftretenden Emotionen aufzugreifen, zu reflektieren und geeignete Ma\u00dfnahmen zur Emotionsregulation zu entwickeln, die sich in das allt\u00e4gliche Leben \u00fcbertragen lassen. Die regelm\u00e4\u00dfige Teilnahme am Sport verbessert sowohl das k\u00f6rperliche als auch das psychische Wohlbefinden, was zu einem gesteigerten Selbstwertgef\u00fchl\/Selbstvertrauen f\u00fchrt. Ebenso stehen das Kennenlernen und Erweitern der eigenen Grenzen, der Abbau von Anspannung und Aggressionen sowie das Erleben von Sozialerfahrungen in der Gruppe im Vordergrund.<\/p>\n<p>Wir bieten in unserer Fachklinik eine umfassende und abwechslungsreiche Sporttherapie an. Dazu nutzen wir die unterschiedlichsten Sportst\u00e4tten in der unmittelbaren Umgebung. Hierzu geh\u00f6ren der Kottenforst &#8211; ein ca. 40 km<sup>2<\/sup> gro\u00dfes Waldgebiet, das Sportzentrum Meckenheim mit zahlreichen Innen- und Au\u00dfensportanlagen, Schwimmb\u00e4der in den nahe gelegenen Orten sowie ein Fitnessstudio  mit Boulderhalle und zahlreichen anderen Indoor-Sportarten.<\/p>\n<p>Dar\u00fcber hinaus bietet die Fachklinik ein eigenes Beachvolleyballfeld und einen Fitness- und Sportraum, welche sich auf dem Klinikgel\u00e4nde befinden.<\/p>\n<p>Unser Sportangebot umfasst:<\/p>\n<ul>\n<li>Mannschaftssport: Fu\u00dfball, (Beach-) Volleyball, Basketball<\/li>\n<li>Kleine Sportspiele, bei denen Bewegung, Freude, Spiel, Entspannung und Kommunikation im Vordergrund stehen<\/li>\n<li>Individuelle Trainingsberatung beim Krafttraining im Fitnessraum<\/li>\n<li>Funktionelles Training<\/li>\n<li>R\u00fcckenschule<\/li>\n<li>Klettern\/Bouldern<\/li>\n<li>Yoga<\/li>\n<li>Schwimmen<\/li>\n<li>Ausdauertraining: Nordic Walking, Joggen<\/li>\n<li>Fahrradfahren<\/li>\n<li>Badminton<\/li>\n<li>Fr\u00fchsport<\/li>\n<li>Entspannungstraining<\/li>\n<li>Teilnahme und Veranstaltung von Turnieren mit anderen Kliniken<\/li>\n<\/ul>\n<\/div><\/section><\/div><\/div><!--close column table wrapper. Autoclose: 1 --><div class='flex_column_table av-269hfx-c1117b3880571e5950ec0588b5720692 sc-av_one_half av-equal-height-column-flextable'>\n<style type=\"text\/css\" data-created_by=\"avia_inline_auto\" id=\"style-css-av-269hfx-c1117b3880571e5950ec0588b5720692\">\n.flex_column.av-269hfx-c1117b3880571e5950ec0588b5720692{\nborder-radius:0px 0px 0px 0px;\npadding:30px 30px 30px 30px;\nbackground-color:#ffffff;\n}\n<\/style>\n<div  class='flex_column av-269hfx-c1117b3880571e5950ec0588b5720692 av_one_half  avia-builder-el-5  el_after_av_one_full  el_before_av_one_half  first no_margin flex_column_table_cell av-equal-height-column av-align-middle  column-top-margin'     ><section  class='av_textblock_section av-214kt1-45a95dc4304a6adf2cc1fb380a65af0e '   itemscope=\"itemscope\" itemtype=\"https:\/\/schema.org\/CreativeWork\" ><div class='avia_textblock'  itemprop=\"text\" ><\/div><\/section><\/div><\/p>\n\n<style type=\"text\/css\" data-created_by=\"avia_inline_auto\" id=\"style-css-av-1xg8x1-f23f7f96ff88ee6cfd027e40a23aa4d2\">\n.flex_column.av-1xg8x1-f23f7f96ff88ee6cfd027e40a23aa4d2{\nborder-radius:0px 0px 0px 0px;\npadding:30px 30px 30px 30px;\nbackground-color:#ffffff;\n}\n<\/style>\n<div  class='flex_column av-1xg8x1-f23f7f96ff88ee6cfd027e40a23aa4d2 av_one_half  avia-builder-el-7  el_after_av_one_half  el_before_av_one_full  no_margin flex_column_table_cell av-equal-height-column av-align-middle  column-top-margin'     ><p>\n<style type=\"text\/css\" data-created_by=\"avia_inline_auto\" id=\"style-css-av-1shk1p-bce9ae9b5f8d4b36132d4b180308768b\">\n#top .hr.hr-invisible.av-1shk1p-bce9ae9b5f8d4b36132d4b180308768b{\nheight:30px;\n}\n<\/style>\n<div  class='hr av-1shk1p-bce9ae9b5f8d4b36132d4b180308768b hr-invisible  avia-builder-el-8  el_before_av_slideshow  avia-builder-el-first '><span class='hr-inner '><span class=\"hr-inner-style\"><\/span><\/span><\/div><br \/>\n<div  class='avia-slideshow av-1lj8h1-e6d4d90dd7bd1728a55530c77db90fe4 avia-slideshow-medium av_slideshow avia-fade-slider  avia-builder-el-9  el_after_av_hr  avia-builder-el-last  av-slideshow-ui av-control-default av-slideshow-autoplay av-loop-once av-loop-manual-endless av-default-height-applied avia-slideshow-1' data-slideshow-options=\"{&quot;animation&quot;:&quot;fade&quot;,&quot;autoplay&quot;:true,&quot;loop_autoplay&quot;:&quot;once&quot;,&quot;interval&quot;:8,&quot;loop_manual&quot;:&quot;manual-endless&quot;,&quot;autoplay_stopper&quot;:true,&quot;noNavigation&quot;:false,&quot;bg_slider&quot;:false,&quot;keep_padding&quot;:false,&quot;hoverpause&quot;:false,&quot;show_slide_delay&quot;:0}\"  itemprop=\"image\" itemscope=\"itemscope\" itemtype=\"https:\/\/schema.org\/ImageObject\" ><ul class='avia-slideshow-inner ' style='padding-bottom: 66.444444444444%;'><li  class='avia-slideshow-slide av-1lj8h1-e6d4d90dd7bd1728a55530c77db90fe4__0  slide-1 slide-odd'><a href=\"https:\/\/www.vfg-bonn.de\/fachklinik\/wp-content\/uploads\/DSC4977.jpg\" data-srcset=\"https:\/\/www.vfg-bonn.de\/fachklinik\/wp-content\/uploads\/DSC4977.jpg 1500w, https:\/\/www.vfg-bonn.de\/fachklinik\/wp-content\/uploads\/DSC4977-450x299.jpg 450w, https:\/\/www.vfg-bonn.de\/fachklinik\/wp-content\/uploads\/DSC4977-1030x685.jpg 1030w, https:\/\/www.vfg-bonn.de\/fachklinik\/wp-content\/uploads\/DSC4977-768x511.jpg 768w, https:\/\/www.vfg-bonn.de\/fachklinik\/wp-content\/uploads\/DSC4977-705x469.jpg 705w\" data-sizes=\"(max-width: 1500px) 100vw, 1500px\"  data-rel='slideshow-1' class='avia-slide-wrap '   ><img decoding=\"async\" fetchpriority=\"high\" class=\"wp-image-3007 avia-img-lazy-loading-not-3007\"  src=\"https:\/\/www.vfg-bonn.de\/fachklinik\/wp-content\/uploads\/DSC4977-450x299.jpg\" width=\"450\" height=\"299\" title='_DSC4977' alt=''  itemprop=\"thumbnailUrl\" srcset=\"https:\/\/www.vfg-bonn.de\/fachklinik\/wp-content\/uploads\/DSC4977-450x299.jpg 450w, https:\/\/www.vfg-bonn.de\/fachklinik\/wp-content\/uploads\/DSC4977-1030x685.jpg 1030w, https:\/\/www.vfg-bonn.de\/fachklinik\/wp-content\/uploads\/DSC4977-768x511.jpg 768w, https:\/\/www.vfg-bonn.de\/fachklinik\/wp-content\/uploads\/DSC4977-705x469.jpg 705w, https:\/\/www.vfg-bonn.de\/fachklinik\/wp-content\/uploads\/DSC4977.jpg 1500w\" sizes=\"(max-width: 450px) 100vw, 450px\" \/><\/a><\/li><li  class='avia-slideshow-slide av-1lj8h1-e6d4d90dd7bd1728a55530c77db90fe4__1  slide-2 slide-even'><a href=\"https:\/\/www.vfg-bonn.de\/fachklinik\/wp-content\/uploads\/DSC6888.jpg\" data-srcset=\"https:\/\/www.vfg-bonn.de\/fachklinik\/wp-content\/uploads\/DSC6888.jpg 1500w, https:\/\/www.vfg-bonn.de\/fachklinik\/wp-content\/uploads\/DSC6888-450x299.jpg 450w, https:\/\/www.vfg-bonn.de\/fachklinik\/wp-content\/uploads\/DSC6888-1030x685.jpg 1030w, https:\/\/www.vfg-bonn.de\/fachklinik\/wp-content\/uploads\/DSC6888-768x511.jpg 768w, https:\/\/www.vfg-bonn.de\/fachklinik\/wp-content\/uploads\/DSC6888-705x469.jpg 705w\" data-sizes=\"(max-width: 1500px) 100vw, 1500px\"  data-rel='slideshow-1' class='avia-slide-wrap '   ><img decoding=\"async\" fetchpriority=\"high\" class=\"wp-image-2125 avia-img-lazy-loading-not-2125\"  src=\"https:\/\/www.vfg-bonn.de\/fachklinik\/wp-content\/uploads\/DSC6888-450x299.jpg\" width=\"450\" height=\"299\" title='_DSC6888' alt=''  itemprop=\"thumbnailUrl\" srcset=\"https:\/\/www.vfg-bonn.de\/fachklinik\/wp-content\/uploads\/DSC6888-450x299.jpg 450w, https:\/\/www.vfg-bonn.de\/fachklinik\/wp-content\/uploads\/DSC6888-1030x685.jpg 1030w, https:\/\/www.vfg-bonn.de\/fachklinik\/wp-content\/uploads\/DSC6888-768x511.jpg 768w, https:\/\/www.vfg-bonn.de\/fachklinik\/wp-content\/uploads\/DSC6888-705x469.jpg 705w, https:\/\/www.vfg-bonn.de\/fachklinik\/wp-content\/uploads\/DSC6888.jpg 1500w\" sizes=\"(max-width: 450px) 100vw, 450px\" \/><\/a><\/li><li  class='avia-slideshow-slide av-1lj8h1-e6d4d90dd7bd1728a55530c77db90fe4__2  slide-3 slide-odd'><a href=\"https:\/\/www.vfg-bonn.de\/fachklinik\/wp-content\/uploads\/DSC5142.jpg\" data-srcset=\"https:\/\/www.vfg-bonn.de\/fachklinik\/wp-content\/uploads\/DSC5142.jpg 1500w, https:\/\/www.vfg-bonn.de\/fachklinik\/wp-content\/uploads\/DSC5142-450x299.jpg 450w, https:\/\/www.vfg-bonn.de\/fachklinik\/wp-content\/uploads\/DSC5142-1030x685.jpg 1030w, https:\/\/www.vfg-bonn.de\/fachklinik\/wp-content\/uploads\/DSC5142-768x511.jpg 768w, https:\/\/www.vfg-bonn.de\/fachklinik\/wp-content\/uploads\/DSC5142-705x469.jpg 705w\" data-sizes=\"(max-width: 1500px) 100vw, 1500px\"  data-rel='slideshow-1' class='avia-slide-wrap '   ><img decoding=\"async\" fetchpriority=\"high\" class=\"wp-image-3009 avia-img-lazy-loading-not-3009\"  src=\"https:\/\/www.vfg-bonn.de\/fachklinik\/wp-content\/uploads\/DSC5142-450x299.jpg\" width=\"450\" height=\"299\" title='_DSC5142' alt=''  itemprop=\"thumbnailUrl\" srcset=\"https:\/\/www.vfg-bonn.de\/fachklinik\/wp-content\/uploads\/DSC5142-450x299.jpg 450w, https:\/\/www.vfg-bonn.de\/fachklinik\/wp-content\/uploads\/DSC5142-1030x685.jpg 1030w, https:\/\/www.vfg-bonn.de\/fachklinik\/wp-content\/uploads\/DSC5142-768x511.jpg 768w, https:\/\/www.vfg-bonn.de\/fachklinik\/wp-content\/uploads\/DSC5142-705x469.jpg 705w, https:\/\/www.vfg-bonn.de\/fachklinik\/wp-content\/uploads\/DSC5142.jpg 1500w\" sizes=\"(max-width: 450px) 100vw, 450px\" \/><\/a><\/li><li  class='avia-slideshow-slide av-1lj8h1-e6d4d90dd7bd1728a55530c77db90fe4__3  slide-4 slide-even'><div data-rel='slideshow-1' class='avia-slide-wrap '   ><img decoding=\"async\" fetchpriority=\"high\" class=\"wp-image-3268 avia-img-lazy-loading-not-3268\"  src=\"https:\/\/www.vfg-bonn.de\/fachklinik\/wp-content\/uploads\/DSC_6414-X-450x300.jpg\" width=\"450\" height=\"300\" title='DSC_6414-X' alt=''  itemprop=\"thumbnailUrl\" srcset=\"https:\/\/www.vfg-bonn.de\/fachklinik\/wp-content\/uploads\/DSC_6414-X-450x300.jpg 450w, https:\/\/www.vfg-bonn.de\/fachklinik\/wp-content\/uploads\/DSC_6414-X-768x512.jpg 768w, https:\/\/www.vfg-bonn.de\/fachklinik\/wp-content\/uploads\/DSC_6414-X-705x470.jpg 705w, https:\/\/www.vfg-bonn.de\/fachklinik\/wp-content\/uploads\/DSC_6414-X.jpg 900w\" sizes=\"(max-width: 450px) 100vw, 450px\" \/><\/div><\/li><li  class='avia-slideshow-slide av-1lj8h1-e6d4d90dd7bd1728a55530c77db90fe4__4  slide-5 slide-odd'><div data-rel='slideshow-1' class='avia-slide-wrap '   ><img decoding=\"async\" fetchpriority=\"high\" class=\"wp-image-3286 avia-img-lazy-loading-not-3286\"  src=\"https:\/\/www.vfg-bonn.de\/fachklinik\/wp-content\/uploads\/DSC9202-quer-450x299.jpg\" width=\"450\" height=\"299\" title='DSC9202-quer' alt=''  itemprop=\"thumbnailUrl\" srcset=\"https:\/\/www.vfg-bonn.de\/fachklinik\/wp-content\/uploads\/DSC9202-quer-450x299.jpg 450w, https:\/\/www.vfg-bonn.de\/fachklinik\/wp-content\/uploads\/DSC9202-quer-768x511.jpg 768w, https:\/\/www.vfg-bonn.de\/fachklinik\/wp-content\/uploads\/DSC9202-quer-705x469.jpg 705w, https:\/\/www.vfg-bonn.de\/fachklinik\/wp-content\/uploads\/DSC9202-quer.jpg 902w\" sizes=\"(max-width: 450px) 100vw, 450px\" \/><\/div><\/li><\/ul><div class='avia-slideshow-arrows avia-slideshow-controls' ><a href='#prev' class='prev-slide  avia-svg-icon avia-font-svg_entypo-fontello' data-av_svg_icon='left-open-big' data-av_iconset='svg_entypo-fontello' tabindex='-1' title=\"Zur\u00fcck\"><svg version=\"1.1\" xmlns=\"http:\/\/www.w3.org\/2000\/svg\" width=\"15\" height=\"32\" viewBox=\"0 0 15 32\" preserveAspectRatio=\"xMidYMid meet\" aria-labelledby='av-svg-title-1' aria-describedby='av-svg-desc-1' role=\"graphics-symbol\" aria-hidden=\"true\">\n<title id='av-svg-title-1'>Zur\u00fcck<\/title>\n<desc id='av-svg-desc-1'>Zur\u00fcck<\/desc>\n<path d=\"M14.464 27.84q0.832 0.832 0 1.536-0.832 0.832-1.536 0l-12.544-12.608q-0.768-0.768 0-1.6l12.544-12.608q0.704-0.832 1.536 0 0.832 0.704 0 1.536l-11.456 11.904z\"><\/path>\n<\/svg><span class='avia_hidden_link_text'>Zur\u00fcck<\/span><\/a><a href='#next' class='next-slide  avia-svg-icon avia-font-svg_entypo-fontello' data-av_svg_icon='right-open-big' data-av_iconset='svg_entypo-fontello' tabindex='-1' title=\"Weiter\"><svg version=\"1.1\" xmlns=\"http:\/\/www.w3.org\/2000\/svg\" width=\"15\" height=\"32\" viewBox=\"0 0 15 32\" preserveAspectRatio=\"xMidYMid meet\" aria-labelledby='av-svg-title-2' aria-describedby='av-svg-desc-2' role=\"graphics-symbol\" aria-hidden=\"true\">\n<title id='av-svg-title-2'>Weiter<\/title>\n<desc id='av-svg-desc-2'>Weiter<\/desc>\n<path d=\"M0.416 27.84l11.456-11.84-11.456-11.904q-0.832-0.832 0-1.536 0.832-0.832 1.536 0l12.544 12.608q0.768 0.832 0 1.6l-12.544 12.608q-0.704 0.832-1.536 0-0.832-0.704 0-1.536z\"><\/path>\n<\/svg><span class='avia_hidden_link_text'>Weiter<\/span><\/a><\/div><div class='avia-slideshow-dots avia-slideshow-controls'><a href='#1' class='goto-slide active' >1<\/a><a href='#2' class='goto-slide ' >2<\/a><a href='#3' class='goto-slide ' >3<\/a><a href='#4' class='goto-slide ' >4<\/a><a href='#5' class='goto-slide ' >5<\/a><\/div><\/div><\/p><\/div><\/div><!--close column table wrapper. Autoclose: 1 -->\n\n<style type=\"text\/css\" data-created_by=\"avia_inline_auto\" id=\"style-css-av-efy0t-707cc86f3da383d73484a88c0d7e655f\">\n.flex_column.av-efy0t-707cc86f3da383d73484a88c0d7e655f{\nborder-radius:0px 0px 0px 0px;\npadding:30px 30px 30px 30px;\nbackground-color:#ffffff;\n}\n<\/style>\n<div  class='flex_column av-efy0t-707cc86f3da383d73484a88c0d7e655f av_one_full  avia-builder-el-10  el_after_av_one_half  avia-builder-el-last  first no_margin flex_column_div  column-top-margin'     ><div  class='avia-button-wrap av-861b1-1b2a4dfcc25e4b485f6b330aa7aa22fb-wrap avia-button-right  avia-builder-el-11  avia-builder-el-no-sibling '><a href='https:\/\/www.vfg-bonn.de\/fachklinik\/kreativtherapie\/'  class='avia-button av-861b1-1b2a4dfcc25e4b485f6b330aa7aa22fb av-link-btn avia-icon_select-yes-right-icon avia-size-medium avia-position-right avia-color-theme-color'   aria-label=\"Kreativtherapie\u2026\"><span class='avia_iconbox_title' >Kreativtherapie\u2026<\/span><span class='avia_button_icon avia_button_icon_right avia-iconfont avia-font-entypo-fontello' data-av_icon='\ue832' data-av_iconfont='entypo-fontello' ><\/span><\/a><\/div><\/div>\n","protected":false},"excerpt":{"rendered":"","protected":false},"author":1,"featured_media":0,"parent":0,"menu_order":0,"comment_status":"closed","ping_status":"closed","template":"","meta":{"inline_featured_image":false,"footnotes":""},"class_list":["post-557","page","type-page","status-publish","hentry"],"_links":{"self":[{"href":"https:\/\/www.vfg-bonn.de\/fachklinik\/wp-json\/wp\/v2\/pages\/557","targetHints":{"allow":["GET"]}}],"collection":[{"href":"https:\/\/www.vfg-bonn.de\/fachklinik\/wp-json\/wp\/v2\/pages"}],"about":[{"href":"https:\/\/www.vfg-bonn.de\/fachklinik\/wp-json\/wp\/v2\/types\/page"}],"author":[{"embeddable":true,"href":"https:\/\/www.vfg-bonn.de\/fachklinik\/wp-json\/wp\/v2\/users\/1"}],"replies":[{"embeddable":true,"href":"https:\/\/www.vfg-bonn.de\/fachklinik\/wp-json\/wp\/v2\/comments?post=557"}],"version-history":[{"count":6,"href":"https:\/\/www.vfg-bonn.de\/fachklinik\/wp-json\/wp\/v2\/pages\/557\/revisions"}],"predecessor-version":[{"id":3985,"href":"https:\/\/www.vfg-bonn.de\/fachklinik\/wp-json\/wp\/v2\/pages\/557\/revisions\/3985"}],"wp:attachment":[{"href":"https:\/\/www.vfg-bonn.de\/fachklinik\/wp-json\/wp\/v2\/media?parent=557"}],"curies":[{"name":"wp","href":"https:\/\/api.w.org\/{rel}","templated":true}]}}