{"id":2361,"date":"2018-01-27T12:58:11","date_gmt":"2018-01-27T11:58:11","guid":{"rendered":"https:\/\/fachklinik-meckenheim.de\/?page_id=2361"},"modified":"2025-06-26T13:46:37","modified_gmt":"2025-06-26T11:46:37","slug":"behandlungsinformationen","status":"publish","type":"page","link":"https:\/\/www.vfg-bonn.de\/fachklinik\/behandlungsinformationen\/","title":{"rendered":"Behandlungsinformationen"},"content":{"rendered":"\n<style type=\"text\/css\" data-created_by=\"avia_inline_auto\" id=\"style-css-av-uw2ce1-cf8d0fb58351b62b7aa1138aa5e898cd\">\n.avia-section.av-uw2ce1-cf8d0fb58351b62b7aa1138aa5e898cd .av-parallax .av-parallax-inner{\nbackground-repeat:no-repeat;\nbackground-image:url(https:\/\/www.vfg-bonn.de\/fachklinik\/wp-content\/uploads\/DSC5029-x.jpg);\nbackground-position:100% 0%;\nbackground-attachment:scroll;\n}\n<\/style>\n<div id='av_section_1'  class='avia-section av-uw2ce1-cf8d0fb58351b62b7aa1138aa5e898cd main_color avia-section-large avia-no-shadow  avia-builder-el-0  el_before_av_section  avia-builder-el-first  spezialueberschrift avia-full-stretch av-parallax-section avia-bg-style-parallax av-minimum-height av-minimum-height-50 av-height-50  container_wrap fullsize'  data-section-bg-repeat='stretch' data-av_minimum_height_pc='50' data-av_min_height_opt='50'><div class='av-parallax' data-avia-parallax-ratio='0.3' ><div class='av-parallax-inner main_color avia-full-stretch'><\/div><\/div><div class='container av-section-cont-open' ><main  role=\"main\" itemprop=\"mainContentOfPage\"  class='template-page content  av-content-full alpha units'><div class='post-entry post-entry-type-page post-entry-2361'><div class='entry-content-wrapper clearfix'>\n\n<style type=\"text\/css\" data-created_by=\"avia_inline_auto\" id=\"style-css-av-2v31i1-82bdc41fb2a26610b1a2e08b9c59cfdc\">\n#top .av-special-heading.av-2v31i1-82bdc41fb2a26610b1a2e08b9c59cfdc{\npadding-bottom:0;\ncolor:#e3000b;\nfont-size:40px;\n}\nbody .av-special-heading.av-2v31i1-82bdc41fb2a26610b1a2e08b9c59cfdc .av-special-heading-tag .heading-char{\nfont-size:25px;\n}\n#top #wrap_all .av-special-heading.av-2v31i1-82bdc41fb2a26610b1a2e08b9c59cfdc .av-special-heading-tag{\nfont-size:40px;\n}\n.av-special-heading.av-2v31i1-82bdc41fb2a26610b1a2e08b9c59cfdc .special-heading-inner-border{\nborder-color:#e3000b;\n}\n.av-special-heading.av-2v31i1-82bdc41fb2a26610b1a2e08b9c59cfdc .av-subheading{\nfont-size:15px;\n}\n\n@media only screen and (min-width: 480px) and (max-width: 767px){ \n#top #wrap_all .av-special-heading.av-2v31i1-82bdc41fb2a26610b1a2e08b9c59cfdc .av-special-heading-tag{\nfont-size:0.8em;\n}\n}\n\n@media only screen and (max-width: 479px){ \n#top #wrap_all .av-special-heading.av-2v31i1-82bdc41fb2a26610b1a2e08b9c59cfdc .av-special-heading-tag{\nfont-size:0.8em;\n}\n}\n<\/style>\n<div  class='av-special-heading av-2v31i1-82bdc41fb2a26610b1a2e08b9c59cfdc av-special-heading-h3 custom-color-heading blockquote modern-quote  avia-builder-el-1  el_before_av_hr  avia-builder-el-first  av-inherit-size'><h3 class='av-special-heading-tag '  itemprop=\"headline\"  >Informationen zur Behandlung<\/h3><div class=\"special-heading-border\"><div class=\"special-heading-inner-border\"><\/div><\/div><\/div>\n\n<style type=\"text\/css\" data-created_by=\"avia_inline_auto\" id=\"style-css-av-r5it3t-f11a368a78a12b6172522cec621fe648\">\n#top .hr.av-r5it3t-f11a368a78a12b6172522cec621fe648{\nmargin-top:30px;\nmargin-bottom:30px;\n}\n.hr.av-r5it3t-f11a368a78a12b6172522cec621fe648 .hr-inner{\nwidth:20%;\nborder-color:#e3000b;\nmax-width:45%;\n}\n.hr.av-r5it3t-f11a368a78a12b6172522cec621fe648 .av-seperator-icon{\ncolor:#e3000b;\n}\n.hr.av-r5it3t-f11a368a78a12b6172522cec621fe648 .av-seperator-icon.avia-svg-icon svg:first-child{\nfill:#e3000b;\nstroke:#e3000b;\n}\n<\/style>\n<div  class='hr av-r5it3t-f11a368a78a12b6172522cec621fe648 hr-custom  avia-builder-el-2  el_after_av_heading  avia-builder-el-last  hr-left hr-icon-yes'><span class='hr-inner inner-border-av-border-thin'><span class=\"hr-inner-style\"><\/span><\/span><span class='av-seperator-icon avia-iconfont avia-font-entypo-fontello' data-av_icon='\ue8bf' data-av_iconfont='entypo-fontello' ><\/span><span class='hr-inner inner-border-av-border-thin'><span class=\"hr-inner-style\"><\/span><\/span><\/div>\n\n<\/div><\/div><\/main><!-- close content main element --><\/div><\/div><div id='wen'  class='avia-section av-po3kzt-6a3b60e4f0daf5d4ec7e177b0dbbd68d main_color avia-section-small avia-no-shadow  avia-builder-el-3  el_after_av_section  el_before_av_hr  avia-bg-style-scroll container_wrap fullsize'  ><div class='container av-section-cont-open' ><div class='template-page content  av-content-full alpha units'><div class='post-entry post-entry-type-page post-entry-2361'><div class='entry-content-wrapper clearfix'>\n\n<style type=\"text\/css\" data-created_by=\"avia_inline_auto\" id=\"style-css-av-ofwd1l-c751a6a65492bd918948776e066d26db\">\n#top .flex_column.av-ofwd1l-c751a6a65492bd918948776e066d26db{\nmargin-top:-90px;\nmargin-bottom:0px;\n}\n.flex_column.av-ofwd1l-c751a6a65492bd918948776e066d26db{\nborder-radius:0px 0px 0px 0px;\npadding:30px 30px 30px 30px;\nbackground-color:#ffffff;\n}\n.responsive #top #wrap_all .flex_column.av-ofwd1l-c751a6a65492bd918948776e066d26db{\nmargin-top:-90px;\nmargin-bottom:0px;\n}\n<\/style>\n<div  class='flex_column av-ofwd1l-c751a6a65492bd918948776e066d26db av_one_full  avia-builder-el-4  avia-builder-el-no-sibling  first flex_column_div  '     ><p>\n<style type=\"text\/css\" data-created_by=\"avia_inline_auto\" id=\"style-css-av-bdfh5-7f02f03066ea7d54e16e45f01374517b\">\n#top .av-special-heading.av-bdfh5-7f02f03066ea7d54e16e45f01374517b{\npadding-bottom:10px;\n}\nbody .av-special-heading.av-bdfh5-7f02f03066ea7d54e16e45f01374517b .av-special-heading-tag .heading-char{\nfont-size:25px;\n}\n.av-special-heading.av-bdfh5-7f02f03066ea7d54e16e45f01374517b .av-subheading{\nfont-size:15px;\n}\n<\/style>\n<div  class='av-special-heading av-bdfh5-7f02f03066ea7d54e16e45f01374517b av-special-heading-h3  avia-builder-el-5  el_before_av_textblock  avia-builder-el-first '><h3 class='av-special-heading-tag '  itemprop=\"headline\"  >Wen behandeln wir?<\/h3><div class=\"special-heading-border\"><div class=\"special-heading-inner-border\"><\/div><\/div><\/div><br \/>\n<section  class='av_textblock_section av-khm6w9-7e3855c2bb1d1ecc0292f50268f0d6df '   itemscope=\"itemscope\" itemtype=\"https:\/\/schema.org\/CreativeWork\" ><div class='avia_textblock'  itemprop=\"text\" ><p>Die Fachklinik Meckenheim behandelt seit 2003 M\u00e4nner mit Abh\u00e4ngigkeitserkrankungen, zun\u00e4chst mit der Hauptdiagnose Abh\u00e4ngigkeit von illegalen Drogen und seit 2014 erweitert um die Hauptdiagnosen Alkohol- und Medikamentenabh\u00e4ngigkeit.<\/p>\n<p>Damit haben wird die M\u00f6glichkeit vollj\u00e4hrige M\u00e4nner mit allen stoffgebundenen und stoffungebundenen Abh\u00e4ngigkeiten zu behandeln. Sollten weitere psychische Erkrankungen (z. B. Depression, Psychose, ADHS, Traumatisierung) vorliegen, werden diese in die Behandlung mit integriert.<\/p>\n<p>Unser Selbstverst\u00e4ndnis ist die Individualit\u00e4t der Behandlung: Die Ursachen der Entstehung der Abh\u00e4ngigkeitserkrankung und ggf. weiterer psychischer Erkrankungen sind bei jedem Menschen unterschiedlich, so dass ein individuelles Therapieprogramm nach den Symptomen, der Notwendigkeit und den Bed\u00fcrfnissen f\u00fcr jeden Rehabilitanden zusammengestellt wird.<\/p>\n<p>Die Behandlung in unserer Fachklinik kann station\u00e4r und ganzt\u00e4gig ambulant erfolgen. Der federf\u00fchrende Leistungstr\u00e4ger ist die Rheinische Arbeitsgemeinschaft f\u00fcr Rehabilitation der Deutschen Rentenversicherung Rheinland. Es liegt ein Behandlungsvertrag nach \u00a7 21 SGB IX vor. Des Weiteren haben wir einen Bezugsvertrag mit der Deutschen Rentenversicherung Bund und der DRV Westfalen. Eine Belegung durch andere Rentenversicherungen, durch gesetzliche oder private Krankenkassen oder auch (\u00fcber\u00f6rtliche) Sozialhilfetr\u00e4ger ist regul\u00e4r m\u00f6glich.<\/p>\n<p>Spezifische Behandlungsangebote gibt es f\u00fcr folgende Erkrankungen:<\/p>\n<ul>\n<li>Hauptdiagnose Cannabis- und\/oder Amphetaminabh\u00e4ngigkeit<\/li>\n<li>Hauptdiagnose Opioidabh\u00e4ngigkeit<\/li>\n<li>Hauptdiagnose Alkohol- und Medikamentenabh\u00e4ngigkeit<\/li>\n<li>Nebendiagnose (Komplexe) Traumafolgest\u00f6rungen \/ PTBS<\/li>\n<li>Nebendiagnose Drogeninduzierte Psychose \/ Schizophrenie<\/li>\n<li>Nebendiagnose ADHS im Erwachsenenalter<\/li>\n<\/ul>\n<p>Im Rahmen der Rehabilitation werden k\u00f6rperliche Erkrankungen ber\u00fccksichtigt und durch fach\u00e4rztliche Unterst\u00fctzung unserer Kooperationspartner behandelt.<\/p>\n<p>Sofern die medizinischen Voraussetzungen erf\u00fcllt sind, werden auch M\u00e4nner aufgenommen, die eine gerichtliche Auflage f\u00fcr eine Entw\u00f6hnungsbehandlung haben, z. B. entsprechend \u00a7 35 Bet\u00e4ubungsmittelgesetz (BtMG).<\/p>\n<\/div><\/section><\/p><\/div><\/div><\/div><\/div><!-- close content main div --><\/div><\/div><div id='after_section_2'  class='main_color av_default_container_wrap container_wrap fullsize'  ><div class='container av-section-cont-open' ><div class='template-page content  av-content-full alpha units'><div class='post-entry post-entry-type-page post-entry-2361'><div class='entry-content-wrapper clearfix'>\n<style type=\"text\/css\" data-created_by=\"avia_inline_auto\" id=\"style-css-av-j2mexl-c96de8930bba2e0673b2acb0461d4f6a\">\n#top .hr.av-j2mexl-c96de8930bba2e0673b2acb0461d4f6a{\nmargin-top:5px;\nmargin-bottom:5px;\n}\n.hr.av-j2mexl-c96de8930bba2e0673b2acb0461d4f6a .hr-inner{\nwidth:20%;\nborder-color:#e3000b;\nmax-width:45%;\n}\n.hr.av-j2mexl-c96de8930bba2e0673b2acb0461d4f6a .av-seperator-icon{\ncolor:#e3000b;\n}\n.hr.av-j2mexl-c96de8930bba2e0673b2acb0461d4f6a .av-seperator-icon.avia-svg-icon svg:first-child{\nfill:#e3000b;\nstroke:#e3000b;\n}\n<\/style>\n<div  class='hr av-j2mexl-c96de8930bba2e0673b2acb0461d4f6a hr-custom  avia-builder-el-7  el_after_av_section  el_before_av_section  avia-builder-el-no-sibling  trenner-rot hr-center hr-icon-yes'><span class='hr-inner inner-border-av-border-thin'><span class=\"hr-inner-style\"><\/span><\/span><span class='av-seperator-icon avia-iconfont avia-font-vfgsign' data-av_icon='\ue801' data-av_iconfont='vfgsign' ><\/span><span class='hr-inner inner-border-av-border-thin'><span class=\"hr-inner-style\"><\/span><\/span><\/div><\/p>\n<\/div><\/div><\/div><!-- close content main div --><\/div><\/div><div id='wen-nicht'  class='avia-section av-hkurah-ab0a25f2f98721a8216fcc9a607c91f9 main_color avia-section-small avia-no-shadow  avia-builder-el-8  el_after_av_hr  el_before_av_hr  avia-bg-style-scroll container_wrap fullsize'  ><div class='container av-section-cont-open' ><div class='template-page content  av-content-full alpha units'><div class='post-entry post-entry-type-page post-entry-2361'><div class='entry-content-wrapper clearfix'>\n\n<style type=\"text\/css\" data-created_by=\"avia_inline_auto\" id=\"style-css-av-gih5mx-63ef7961ae3426825752f550d0bb109f\">\n.flex_column.av-gih5mx-63ef7961ae3426825752f550d0bb109f{\nborder-radius:0px 0px 0px 0px;\npadding:30px 30px 30px 30px;\nbackground-color:#ffffff;\n}\n<\/style>\n<div  class='flex_column av-gih5mx-63ef7961ae3426825752f550d0bb109f av_one_full  avia-builder-el-9  avia-builder-el-no-sibling  first flex_column_div  '     ><p>\n<style type=\"text\/css\" data-created_by=\"avia_inline_auto\" id=\"style-css-av-2ru0jd-d06f163bc347c314d4d877473e3a6ad7\">\n#top .av-special-heading.av-2ru0jd-d06f163bc347c314d4d877473e3a6ad7{\npadding-bottom:10px;\n}\nbody .av-special-heading.av-2ru0jd-d06f163bc347c314d4d877473e3a6ad7 .av-special-heading-tag .heading-char{\nfont-size:25px;\n}\n.av-special-heading.av-2ru0jd-d06f163bc347c314d4d877473e3a6ad7 .av-subheading{\nfont-size:15px;\n}\n<\/style>\n<div  class='av-special-heading av-2ru0jd-d06f163bc347c314d4d877473e3a6ad7 av-special-heading-h3  avia-builder-el-10  el_before_av_textblock  avia-builder-el-first '><h3 class='av-special-heading-tag '  itemprop=\"headline\"  >Wen k\u00f6nnen wir nicht behandeln?<\/h3><div class=\"special-heading-border\"><div class=\"special-heading-inner-border\"><\/div><\/div><\/div><br \/>\n<section  class='av_textblock_section av-bxu5q1-ab09042d55705c225debd8747b1d8f13 '   itemscope=\"itemscope\" itemtype=\"https:\/\/schema.org\/CreativeWork\" ><div class='avia_textblock'  itemprop=\"text\" ><p>Eine Aufnahme zur medizinischen Rehabilitation ist bei einer akuten Intoxikation oder einem akuten, medizinisch behandlungsbed\u00fcrftigen Entzugssyndrom nicht m\u00f6glich. Wir empfehlen daher eine qualifizierte Entzugsbehandlung im Vorfeld der Aufnahme.<\/p>\n<p>Eine Aufnahme ist ebenfalls nicht m\u00f6glich bei akuten psychiatrischen Krankheitsstadien (insbesondere bei Eigen- und Fremdgef\u00e4hrdung). Hier muss bei Aufnahme eine ausreichende Entaktualisierung z. B. durch Einleitung einer entsprechenden Medikation stattgefunden haben.<\/p>\n<p>Das Vorliegen von hirnorganischen Beeintr\u00e4chtigungen, mittelgradig bis schweren Intelligenzminderungen stellt eine weitere Kontraindikation f\u00fcr eine Aufnahme in der Fachklinik Meckenheim dar.<\/p>\n<p>Rehabilitanden mit k\u00f6rperlichen Erkrankungen, die eine akutmedizinische Behandlungsbed\u00fcrftigkeit aufweisen (z. B. entgleister Diabetes mellitus, entgleiste arterielle Hypertonie, dekompensierte Leberzirrhose), k\u00f6nnen nicht behandelt werden. Eine akutmedizinische Behandlung muss im Vorfeld soweit abgeschlossen sein, dass eine Rehabilitationsf\u00e4higkeit besteht. Notwendige ambulante Weiterbehandlungen k\u00f6nnen, sofern sie nicht die Teilnahme am Therapieprogramm deutlich beeintr\u00e4chtigen, im Rahmen der Entw\u00f6hnungsbehandlung in der Fachklinik Meckenheim durchgef\u00fchrt werden.<\/p>\n<p>Rehabilitanden mit k\u00f6rperlichen Erkrankungen, die zu einer l\u00e4ngerfristigen Einschr\u00e4nkung der Teilnahme am Therapieprogramm f\u00fchren (z.B. Blindheit, Taubheit, fortgeschrittene Stadien chronischer Erkrankungen), k\u00f6nnen ebenfalls nicht behandelt werden.<\/p>\n<\/div><\/section><\/p><\/div>\n<\/div><\/div><\/div><!-- close content main div --><\/div><\/div><div id='after_section_3'  class='main_color av_default_container_wrap container_wrap fullsize'  ><div class='container av-section-cont-open' ><div class='template-page content  av-content-full alpha units'><div class='post-entry post-entry-type-page post-entry-2361'><div class='entry-content-wrapper clearfix'>\n\n<style type=\"text\/css\" data-created_by=\"avia_inline_auto\" id=\"style-css-av-al8rbt-c1469f2c403d9d5113ed2ee76a05cd11\">\n#top .hr.av-al8rbt-c1469f2c403d9d5113ed2ee76a05cd11{\nmargin-top:5px;\nmargin-bottom:5px;\n}\n.hr.av-al8rbt-c1469f2c403d9d5113ed2ee76a05cd11 .hr-inner{\nwidth:20%;\nborder-color:#e3000b;\nmax-width:45%;\n}\n.hr.av-al8rbt-c1469f2c403d9d5113ed2ee76a05cd11 .av-seperator-icon{\ncolor:#e3000b;\n}\n.hr.av-al8rbt-c1469f2c403d9d5113ed2ee76a05cd11 .av-seperator-icon.avia-svg-icon svg:first-child{\nfill:#e3000b;\nstroke:#e3000b;\n}\n<\/style>\n<div  class='hr av-al8rbt-c1469f2c403d9d5113ed2ee76a05cd11 hr-custom  avia-builder-el-12  el_after_av_section  el_before_av_section  avia-builder-el-no-sibling  trenner-rot hr-center hr-icon-yes'><span class='hr-inner inner-border-av-border-thin'><span class=\"hr-inner-style\"><\/span><\/span><span class='av-seperator-icon avia-iconfont avia-font-vfgsign' data-av_icon='\ue801' data-av_iconfont='vfgsign' ><\/span><span class='hr-inner inner-border-av-border-thin'><span class=\"hr-inner-style\"><\/span><\/span><\/div>\n<\/div><\/div><\/div><!-- close content main div --><\/div><\/div><div id='wie-lang'  class='avia-section av-ybouh-9cef82d8f21a58a887962e2ef6e434e7 main_color avia-section-small avia-no-shadow  avia-builder-el-13  el_after_av_hr  avia-builder-el-last  avia-bg-style-scroll container_wrap fullsize'  ><div class='container av-section-cont-open' ><div class='template-page content  av-content-full alpha units'><div class='post-entry post-entry-type-page post-entry-2361'><div class='entry-content-wrapper clearfix'>\n\n<style type=\"text\/css\" data-created_by=\"avia_inline_auto\" id=\"style-css-av-7exj6h-9cd631e7b27410909b314e234d8042f0\">\n.flex_column.av-7exj6h-9cd631e7b27410909b314e234d8042f0{\nborder-radius:0px 0px 0px 0px;\npadding:30px 30px 30px 30px;\nbackground-color:#ffffff;\n}\n<\/style>\n<div  class='flex_column av-7exj6h-9cd631e7b27410909b314e234d8042f0 av_one_full  avia-builder-el-14  avia-builder-el-no-sibling  first flex_column_div  '     ><p>\n<style type=\"text\/css\" data-created_by=\"avia_inline_auto\" id=\"style-css-av-6f9gbt-4174c35c2929ec89d8520591f21ab1ab\">\n#top .av-special-heading.av-6f9gbt-4174c35c2929ec89d8520591f21ab1ab{\npadding-bottom:10px;\n}\nbody .av-special-heading.av-6f9gbt-4174c35c2929ec89d8520591f21ab1ab .av-special-heading-tag .heading-char{\nfont-size:25px;\n}\n.av-special-heading.av-6f9gbt-4174c35c2929ec89d8520591f21ab1ab .av-subheading{\nfont-size:15px;\n}\n<\/style>\n<div  class='av-special-heading av-6f9gbt-4174c35c2929ec89d8520591f21ab1ab av-special-heading-h3  avia-builder-el-15  el_before_av_textblock  avia-builder-el-first '><h3 class='av-special-heading-tag '  itemprop=\"headline\"  >Wie lange behandeln wir?<\/h3><div class=\"special-heading-border\"><div class=\"special-heading-inner-border\"><\/div><\/div><\/div><br \/>\n<section  class='av_textblock_section av-4rgw1l-5ff98dea0f8a0ff52a6d203c71453eee '   itemscope=\"itemscope\" itemtype=\"https:\/\/schema.org\/CreativeWork\" ><div class='avia_textblock'  itemprop=\"text\" ><p>Die Behandlungsdauer f\u00fcr die station\u00e4re und die ganzt\u00e4gig ambulante Therapie betr\u00e4gt bis zu 26 Wochen bei Hauptdiagnose Drogenabh\u00e4ngigkeit und bis zu 16 Wochen bei Hauptdiagnose Alkohol- bzw. Medikamentenabh\u00e4ngigkeit.<\/p>\n<p>Eine R\u00fcckfallbehandlung wird bis zu 13 Wochen bei Hauptdiagnose Drogenabh\u00e4ngigkeit und bis zu 8 Wochen bei Hauptdiagnose Alkohol bzw. Medikamentenabh\u00e4ngigkeit durchgef\u00fchrt.<\/p>\n<\/div><\/section><br \/>\n<div  class='avia-button-wrap av-1uilix-e3e9c5b728700a6de8346daa7f06c565-wrap avia-button-right  avia-builder-el-17  el_after_av_textblock  avia-builder-el-last '><a href='https:\/\/www.vfg-bonn.de\/fachklinik\/grundlagen-unserer-behandlung\/'  class='avia-button av-1uilix-e3e9c5b728700a6de8346daa7f06c565 av-link-btn avia-icon_select-yes-right-icon avia-size-medium avia-position-right avia-color-theme-color'   aria-label=\"Grundlagen unserer Behandlung\u2026\"><span class='avia_iconbox_title' >Grundlagen unserer Behandlung\u2026<\/span><span class='avia_button_icon avia_button_icon_right avia-iconfont avia-font-entypo-fontello' data-av_icon='\ue832' data-av_iconfont='entypo-fontello' ><\/span><\/a><\/div><\/p><\/div>\n\n","protected":false},"excerpt":{"rendered":"","protected":false},"author":1,"featured_media":0,"parent":0,"menu_order":0,"comment_status":"closed","ping_status":"closed","template":"","meta":{"inline_featured_image":false,"footnotes":""},"class_list":["post-2361","page","type-page","status-publish","hentry"],"_links":{"self":[{"href":"https:\/\/www.vfg-bonn.de\/fachklinik\/wp-json\/wp\/v2\/pages\/2361","targetHints":{"allow":["GET"]}}],"collection":[{"href":"https:\/\/www.vfg-bonn.de\/fachklinik\/wp-json\/wp\/v2\/pages"}],"about":[{"href":"https:\/\/www.vfg-bonn.de\/fachklinik\/wp-json\/wp\/v2\/types\/page"}],"author":[{"embeddable":true,"href":"https:\/\/www.vfg-bonn.de\/fachklinik\/wp-json\/wp\/v2\/users\/1"}],"replies":[{"embeddable":true,"href":"https:\/\/www.vfg-bonn.de\/fachklinik\/wp-json\/wp\/v2\/comments?post=2361"}],"version-history":[{"count":7,"href":"https:\/\/www.vfg-bonn.de\/fachklinik\/wp-json\/wp\/v2\/pages\/2361\/revisions"}],"predecessor-version":[{"id":4355,"href":"https:\/\/www.vfg-bonn.de\/fachklinik\/wp-json\/wp\/v2\/pages\/2361\/revisions\/4355"}],"wp:attachment":[{"href":"https:\/\/www.vfg-bonn.de\/fachklinik\/wp-json\/wp\/v2\/media?parent=2361"}],"curies":[{"name":"wp","href":"https:\/\/api.w.org\/{rel}","templated":true}]}}