{"id":1216,"date":"2015-08-20T12:19:21","date_gmt":"2015-08-20T10:19:21","guid":{"rendered":"http:\/\/www.vfg-bonn.de\/wp-fkm\/?page_id=1216"},"modified":"2025-06-26T17:23:22","modified_gmt":"2025-06-26T15:23:22","slug":"startseite","status":"publish","type":"page","link":"https:\/\/www.vfg-bonn.de\/fachklinik\/","title":{"rendered":"Startseite"},"content":{"rendered":"\n<style type=\"text\/css\" data-created_by=\"avia_inline_auto\" id=\"style-css-av-lm94exfv-57eb659efddf9f141f47b10013d022de\">\n.avia-section.av-lm94exfv-57eb659efddf9f141f47b10013d022de{\nbackground-repeat:no-repeat;\nbackground-image:url(https:\/\/www.vfg-bonn.de\/fachklinik\/wp-content\/uploads\/DSC5032-450x299.jpg);\nbackground-position:0% 0%;\nbackground-attachment:scroll;\n}\n<\/style>\n<div id='av_section_1'  class='avia-section av-lm94exfv-57eb659efddf9f141f47b10013d022de main_color avia-section-default avia-no-border-styling  avia-builder-el-0  el_before_av_section  avia-builder-el-first  fullvideo avia-bg-style-scroll container_wrap fullsize'  data-section-bg-repeat='no-repeat'><div class='container av-section-cont-open' ><main  role=\"main\" itemprop=\"mainContentOfPage\"  class='template-page content  av-content-full alpha units'><div class='post-entry post-entry-type-page post-entry-1216'><div class='entry-content-wrapper clearfix'>\n<\/div><\/div><\/main><!-- close content main element --><\/div><\/div>\n<style type=\"text\/css\" data-created_by=\"avia_inline_auto\" id=\"style-css-av-jbwysw-0ada03566e481a61738c2242476d80e9\">\n.avia-section.av-jbwysw-0ada03566e481a61738c2242476d80e9{\nbackground-color:#f8f8f8;\nbackground:linear-gradient( to bottom, #f8f8f8, #efefef );\n}\n<\/style>\n<div id='av_section_2'  class='avia-section av-jbwysw-0ada03566e481a61738c2242476d80e9 main_color avia-section-default avia-no-shadow  avia-builder-el-1  el_after_av_section  el_before_av_section  fronttoggler avia-bg-style-scroll container_wrap fullsize'  ><div class='container av-section-cont-open' ><div class='template-page content  av-content-full alpha units'><div class='post-entry post-entry-type-page post-entry-1216'><div class='entry-content-wrapper clearfix'>\n<div class='flex_column_table av-4xzk8g-1ba026c6d5ac05a9a2429605653e669c sc-av_one_full av-equal-height-column-flextable'>\n<style type=\"text\/css\" data-created_by=\"avia_inline_auto\" id=\"style-css-av-4xzk8g-1ba026c6d5ac05a9a2429605653e669c\">\n.flex_column.av-4xzk8g-1ba026c6d5ac05a9a2429605653e669c{\nborder-radius:30px 30px 30px 30px;\npadding:0 0 0 0;\n}\n<\/style>\n<div  class='flex_column av-4xzk8g-1ba026c6d5ac05a9a2429605653e669c av_one_full  avia-builder-el-2  avia-builder-el-no-sibling  first flex_column_table_cell av-equal-height-column av-align-top av-zero-column-padding  '     ><p>\n<style type=\"text\/css\" data-created_by=\"avia_inline_auto\" id=\"style-css-av-k88eft8c-e5f76af9766cd43ebe53866db896bde8\">\n#top .hr.hr-invisible.av-k88eft8c-e5f76af9766cd43ebe53866db896bde8{\nheight:30px;\n}\n<\/style>\n<div  class='hr av-k88eft8c-e5f76af9766cd43ebe53866db896bde8 hr-invisible  avia-builder-el-3  el_before_av_icon_box  avia-builder-el-first '><span class='hr-inner '><span class=\"hr-inner-style\"><\/span><\/span><\/div><br \/>\n\n<style type=\"text\/css\" data-created_by=\"avia_inline_auto\" id=\"style-css-av-k7emd5gr-10daf6136302ceb5f096702b2da9e7c3\">\n.iconbox.av-k7emd5gr-10daf6136302ceb5f096702b2da9e7c3 .iconbox_icon{\nbackground-color:#c80005;\nborder:1px solid #c80005;\n}\n<\/style>\n<article  class='iconbox iconbox_top av-k7emd5gr-10daf6136302ceb5f096702b2da9e7c3  avia-builder-el-4  el_after_av_hr  avia-builder-el-last  startseite-willkommen main_color'  itemscope=\"itemscope\" itemtype=\"https:\/\/schema.org\/CreativeWork\" ><div class=\"iconbox_content\"><header class=\"entry-content-header\" aria-label=\"Icon: Herzlich Willkommen\"><div class='iconbox_icon heading-color avia-iconfont avia-font-entypo-fontello' data-av_icon='\ue841' data-av_iconfont='entypo-fontello'  ><\/div><h3 class='iconbox_content_title '  itemprop=\"headline\" >Herzlich Willkommen<\/h3><\/header><div class='iconbox_content_container '  itemprop=\"text\" ><p style=\"text-align: center;\"><img loading=\"lazy\" decoding=\"async\" class=\"alignnone size-medium wp-image-4400\" src=\"https:\/\/www.vfg-bonn.de\/fachklinik\/wp-content\/uploads\/DSC5032-450x299.jpg\" alt=\"\" width=\"450\" height=\"299\" srcset=\"https:\/\/www.vfg-bonn.de\/fachklinik\/wp-content\/uploads\/DSC5032-450x299.jpg 450w, https:\/\/www.vfg-bonn.de\/fachklinik\/wp-content\/uploads\/DSC5032-1030x685.jpg 1030w, https:\/\/www.vfg-bonn.de\/fachklinik\/wp-content\/uploads\/DSC5032-768x511.jpg 768w, https:\/\/www.vfg-bonn.de\/fachklinik\/wp-content\/uploads\/DSC5032-1536x1022.jpg 1536w, https:\/\/www.vfg-bonn.de\/fachklinik\/wp-content\/uploads\/DSC5032-2048x1363.jpg 2048w, https:\/\/www.vfg-bonn.de\/fachklinik\/wp-content\/uploads\/DSC5032-1500x998.jpg 1500w, https:\/\/www.vfg-bonn.de\/fachklinik\/wp-content\/uploads\/DSC5032-705x469.jpg 705w\" sizes=\"auto, (max-width: 450px) 100vw, 450px\" \/><br \/>\nWir begleiten Sie individuell auf Ihrem Weg in ein alkohol- und drogenfreies, zufriedenes und selbstbestimmtes Leben. Eine mehrmonatige medizinische Rehabilitation im Sinne einer Entw\u00f6hnungsbehandlung bietet eine einzigartige M\u00f6glichkeit, unterst\u00fctzt und begleitet von unserem multiprofessionellen Team, einen pers\u00f6nlichen Entwicklungsprozess zu beginnen. In diesem Prozess spielen die Auseinandersetzung mit den Ursachen und Hintergr\u00fcnden der Suchtentwicklung, mit Verhaltens- und Denkmustern, die zum Konsum f\u00fchren oder ihn aufrechterhalten, mit \u00c4ngsten, mit nicht ausgesprochenen oder nicht aufgearbeiteten Erfahrungen eine wesentliche Rolle.<\/p>\n<p style=\"text-align: center;\">Zumeist muss dieser Prozess auch \u00fcber die Entw\u00f6hnungsbehandlung hinweg fortgesetzt werden. Wir helfen Ihnen dabei, ein sicheres Fundament Ihres neuen Lebens zu setzen, worauf Sie in nachfolgenden Therapiema\u00dfnahmen aufbauen k\u00f6nnen.<\/p>\n<p style=\"text-align: center;\">Fassen Sie den Entschluss Ihr Leben zu ver\u00e4ndern \u2013 wir freuen uns auf Sie!<\/p>\n<\/div><\/div><footer class=\"entry-footer\"><\/footer><\/article><\/p><\/div><\/div><!--close column table wrapper. Autoclose: 1 -->\n\n<\/div><\/div><\/div><!-- close content main div --><\/div><\/div>\n<style type=\"text\/css\" data-created_by=\"avia_inline_auto\" id=\"style-css-av-jbwysw-2-02cf88a60f3faa532aadfb55ff472e60\">\n.avia-section.av-jbwysw-2-02cf88a60f3faa532aadfb55ff472e60{\nbackground-color:#efefef;\nbackground:linear-gradient( to bottom, #efefef, #e5e5e5 );\n}\n<\/style>\n<div id='av_section_3'  class='avia-section av-jbwysw-2-02cf88a60f3faa532aadfb55ff472e60 main_color avia-section-large avia-no-border-styling  avia-builder-el-5  el_after_av_section  avia-builder-el-last  fronttoggler avia-bg-style-scroll container_wrap fullsize'  ><div class='container av-section-cont-open' ><div class='template-page content  av-content-full alpha units'><div class='post-entry post-entry-type-page post-entry-1216'><div class='entry-content-wrapper clearfix'>\n\n<style type=\"text\/css\" data-created_by=\"avia_inline_auto\" id=\"style-css-av-i06n8g-1296f284e28bdc175da5499f9fac674b\">\n.flex_column.av-i06n8g-1296f284e28bdc175da5499f9fac674b{\nborder-width:2px;\nborder-color:#c80005;\nborder-style:solid;\nborder-radius:20px 20px 20px 20px;\npadding:0 0 0 0;\nbackground-color:#ffffff;\n}\n<\/style>\n<div  class='flex_column av-i06n8g-1296f284e28bdc175da5499f9fac674b av_one_fifth  avia-builder-el-6  el_before_av_one_fifth  avia-builder-el-first  toggler1 first flex_column_div av-zero-column-padding  '     ><style type=\"text\/css\" data-created_by=\"avia_inline_auto\" id=\"style-css-av-fiojv4-04d69415e9be7c59f02c937741a48630\">\n.iconbox.av-fiojv4-04d69415e9be7c59f02c937741a48630 .iconbox_icon{\nbackground-color:#c80005;\n}\n<\/style>\n<article  class='iconbox iconbox_top av-fiojv4-04d69415e9be7c59f02c937741a48630  avia-builder-el-7  avia-builder-el-no-sibling  main_color'  itemscope=\"itemscope\" itemtype=\"https:\/\/schema.org\/CreativeWork\" ><div class=\"iconbox_content\"><header class=\"entry-content-header\" aria-label=\"Icon: \"><a href='https:\/\/www.vfg-bonn.de\/fachklinik\/' title='' aria-label=''  class='iconbox_icon heading-color avia-iconfont avia-font-entypo-fontello' data-av_icon='\ue821' data-av_iconfont='entypo-fontello'  ><\/a><\/header><div class='iconbox_content_container '  itemprop=\"text\" ><div class=\"togglecontainer toggle_close_all avia-builder-el-1 avia-builder-el-no-sibling enable_toggles\">\n<div class=\"single_toggle\" data-tags=\"{Alle} \">\n<p class=\"toggler\" data-fake-id=\"#die-klinik\">Die Klinik<\/p>\n<div id=\"toggle-id-1-container\" class=\"toggle_wrap\">\n<div class=\"toggle_content\">\n<ul>\n<li><a href=\"https:\/\/www.vfg-bonn.de\/fachklinik\/unser-traeger\/\">Unser Tr\u00e4ger<\/a><\/li>\n<li><a href=\"https:\/\/www.vfg-bonn.de\/fachklinik\/leitbild\/\">Unser Leitbild<\/a><\/li>\n<li><a href=\"https:\/\/www.vfg-bonn.de\/fachklinik\/teamvorstellung\/\">Unser Team<\/a><\/li>\n<li><a href=\"https:\/\/www.vfg-bonn.de\/fachklinik\/aktuelles\/\">Unser Haus<\/a><\/li>\n<li><a href=\"https:\/\/www.vfg-bonn.de\/fachklinik\/aktuelles\/\">Aktuelles<\/a><\/li>\n<\/ul>\n<\/div>\n<\/div>\n<\/div>\n<\/div>\n<\/div><\/div><footer class=\"entry-footer\"><\/footer><\/article><\/div>\n<style type=\"text\/css\" data-created_by=\"avia_inline_auto\" id=\"style-css-av-efhde8-30445fb5d26966e164604ccca5537cda\">\n.flex_column.av-efhde8-30445fb5d26966e164604ccca5537cda{\nborder-width:2px;\nborder-color:#c80005;\nborder-style:solid;\nborder-radius:20px 20px 20px 20px;\npadding:0 0 0 0;\nbackground-color:#ffffff;\n}\n<\/style>\n<div  class='flex_column av-efhde8-30445fb5d26966e164604ccca5537cda av_one_fifth  avia-builder-el-8  el_after_av_one_fifth  el_before_av_one_fifth  toggler2 flex_column_div av-zero-column-padding  '     ><style type=\"text\/css\" data-created_by=\"avia_inline_auto\" id=\"style-css-av-1atro0-df2fc3bff4ae421b165aeed63f336a79\">\n.iconbox.av-1atro0-df2fc3bff4ae421b165aeed63f336a79 .iconbox_icon{\nbackground-color:#c80005;\n}\n<\/style>\n<article  class='iconbox iconbox_top av-1atro0-df2fc3bff4ae421b165aeed63f336a79  avia-builder-el-9  avia-builder-el-no-sibling  main_color'  itemscope=\"itemscope\" itemtype=\"https:\/\/schema.org\/CreativeWork\" ><div class=\"iconbox_content\"><header class=\"entry-content-header\" aria-label=\"Icon: \"><a href='https:\/\/www.vfg-bonn.de\/fachklinik\/behandlungsprogramm\/' title='' aria-label=''  class='iconbox_icon heading-color avia-iconfont avia-font-fkm' data-av_icon='\ue80d' data-av_iconfont='fkm'  ><\/a><\/header><div class='iconbox_content_container '  itemprop=\"text\" ><div class=\"togglecontainer toggle_close_all avia-builder-el-1 avia-builder-el-no-sibling enable_toggles\">\n<div class=\"single_toggle\" data-tags=\"{Alle} \">\n<p class=\"toggler\" data-fake-id=\"#behandlung\">Behand\u00adlung<\/p>\n<div id=\"toggle-id-2-container\" class=\"toggle_wrap\">\n<div class=\"toggle_content\">\n<ul>\n<li><a href=\"https:\/\/www.vfg-bonn.de\/fachklinik\/behandlungsinformationen\/\">Informationen<\/a><\/li>\n<li><a href=\"https:\/\/www.vfg-bonn.de\/fachklinik\/grundlagen-unserer-behandlung\/\">Grundlagen<\/a><\/li>\n<li><a href=\"https:\/\/www.vfg-bonn.de\/fachklinik\/behandlungsprogramm\/\">Programm<\/a><\/li>\n<\/ul>\n<\/div>\n<\/div>\n<\/div>\n<\/div>\n<\/div><\/div><footer class=\"entry-footer\"><\/footer><\/article><\/div>\n<style type=\"text\/css\" data-created_by=\"avia_inline_auto\" id=\"style-css-av-a67jf4-77768fcbb779e3dfbfab612a97be317d\">\n.flex_column.av-a67jf4-77768fcbb779e3dfbfab612a97be317d{\nborder-width:2px;\nborder-color:#c80005;\nborder-style:solid;\nborder-radius:20px 20px 20px 20px;\npadding:0 0 0 0;\nbackground-color:#ffffff;\n}\n<\/style>\n<div  class='flex_column av-a67jf4-77768fcbb779e3dfbfab612a97be317d av_one_fifth  avia-builder-el-10  el_after_av_one_fifth  el_before_av_one_fifth  toggler4 flex_column_div av-zero-column-padding  '     ><style type=\"text\/css\" data-created_by=\"avia_inline_auto\" id=\"style-css-av-w9i7k-15231d904da6a83a9afcc27241ef183c\">\n.iconbox.av-w9i7k-15231d904da6a83a9afcc27241ef183c .iconbox_icon{\nbackground-color:#c80005;\n}\n<\/style>\n<article  class='iconbox iconbox_top av-w9i7k-15231d904da6a83a9afcc27241ef183c  avia-builder-el-11  avia-builder-el-no-sibling  main_color'  itemscope=\"itemscope\" itemtype=\"https:\/\/schema.org\/CreativeWork\" ><div class=\"iconbox_content\"><header class=\"entry-content-header\" aria-label=\"Icon: \"><a href='https:\/\/www.vfg-bonn.de\/fachklinik\/behandlungsschwerpunkte\/' title='' aria-label=''  class='iconbox_icon heading-color avia-iconfont avia-font-fkm' data-av_icon='\ue811' data-av_iconfont='fkm'  ><\/a><\/header><div class='iconbox_content_container '  itemprop=\"text\" ><div class=\"togglecontainer toggle_close_all avia-builder-el-1 avia-builder-el-no-sibling enable_toggles\">\n<div class=\"single_toggle\" data-tags=\"{Alle} \">\n<p class=\"toggler\" data-fake-id=\"#schwerpunkte\">Schwerpunkte<\/p>\n<div id=\"toggle-id-3-container\" class=\"toggle_wrap\">\n<div class=\"toggle_content\">\n<ul>\n<li><a href=\"https:\/\/www.vfg-bonn.de\/fachklinik\/behandlungsschwerpunkte\/\">Behandlungs\u00ad\u00ad\u00ad\u00adschwer\u00adpunkte<\/a><\/li>\n<li><a href=\"https:\/\/www.vfg-bonn.de\/fachklinik\/cannabis-amphetamine\/\">Cannabis- und Amphetamin\u00adabh\u00e4ngigkeit<\/a><\/li>\n<li><a href=\"https:\/\/www.vfg-bonn.de\/fachklinik\/opioide\/\">Opioid\u00adabh\u00e4ngigkeit<\/a><\/li>\n<li><a href=\"https:\/\/www.vfg-bonn.de\/fachklinik\/alkohol-und-medikamentenabhaengigkeit\/\">Alkohol- und Medi\u00adka\u00admenten\u00ad\u00ad\u00ad\u00adabh\u00e4ngigkeit<\/a><\/li>\n<li><a href=\"https:\/\/www.vfg-bonn.de\/fachklinik\/traumafolgestoerungen\/\">Trauma\u00adfolgest\u00f6rungen<\/a><\/li>\n<li><a href=\"https:\/\/www.vfg-bonn.de\/fachklinik\/drogeninduzierte-psychose-schizophrenie\/\">Drogeninduzierte Psychose \/ Schizophrenie<\/a><\/li>\n<li><a href=\"https:\/\/www.vfg-bonn.de\/fachklinik\/adhs-im-erwachsenenalter\/\">ADHS im Erwachsenenalter<\/a><\/li>\n<\/ul>\n<\/div>\n<\/div>\n<\/div>\n<\/div>\n<\/div><\/div><footer class=\"entry-footer\"><\/footer><\/article><\/div>\n<style type=\"text\/css\" data-created_by=\"avia_inline_auto\" id=\"style-css-av-7tswzk-c6a74e84ddcef2da7f59ffa8ad681bd6\">\n.flex_column.av-7tswzk-c6a74e84ddcef2da7f59ffa8ad681bd6{\nborder-width:2px;\nborder-color:#c80005;\nborder-style:solid;\nborder-radius:20px 20px 20px 20px;\npadding:0 0 0 0;\nbackground-color:#ffffff;\n}\n<\/style>\n<div  class='flex_column av-7tswzk-c6a74e84ddcef2da7f59ffa8ad681bd6 av_one_fifth  avia-builder-el-12  el_after_av_one_fifth  el_before_av_one_fifth  toggler3 flex_column_div av-zero-column-padding  '     ><style type=\"text\/css\" data-created_by=\"avia_inline_auto\" id=\"style-css-av-knrmo-e845d2f076d84d6f8fbc57f2b3d6bbe6\">\n.iconbox.av-knrmo-e845d2f076d84d6f8fbc57f2b3d6bbe6 .iconbox_icon{\nbackground-color:#c80005;\n}\n<\/style>\n<article  class='iconbox iconbox_top av-knrmo-e845d2f076d84d6f8fbc57f2b3d6bbe6  avia-builder-el-13  avia-builder-el-no-sibling  main_color'  itemscope=\"itemscope\" itemtype=\"https:\/\/schema.org\/CreativeWork\" ><div class=\"iconbox_content\"><header class=\"entry-content-header\" aria-label=\"Icon: \"><a href='https:\/\/www.vfg-bonn.de\/fachklinik\/ueber-uns\/' title='' aria-label=''  class='iconbox_icon heading-color avia-iconfont avia-font-entypo-fontello' data-av_icon='\ue81e' data-av_iconfont='entypo-fontello'  ><\/a><\/header><div class='iconbox_content_container '  itemprop=\"text\" ><div class=\"togglecontainer toggle_close_all avia-builder-el-1 avia-builder-el-no-sibling enable_toggles\">\n<div class=\"single_toggle\" data-tags=\"{Alle} \">\n<p class=\"toggler\" data-fake-id=\"#patientenservice\">Patienten\u00adservice<\/p>\n<div id=\"toggle-id-4-container\" class=\"toggle_wrap\">\n<div class=\"toggle_content\">\n<ul>\n<li><a href=\"https:\/\/www.vfg-bonn.de\/fachklinik\/ihr-weg-zu-uns\/\">Ihr Weg zu uns<\/a><\/li>\n<li><a href=\"https:\/\/www.vfg-bonn.de\/fachklinik\/aufnahme\/\">Aufnahme<\/a><\/li>\n<li><a href=\"https:\/\/www.vfg-bonn.de\/fachklinik\/ueber-uns\/\">Information<\/a><\/li>\n<\/ul>\n<\/div>\n<\/div>\n<\/div>\n<\/div>\n<\/div><\/div><footer class=\"entry-footer\"><\/footer><\/article><\/div>\n<style type=\"text\/css\" data-created_by=\"avia_inline_auto\" id=\"style-css-av-4xzk8g-1-bfdd08643621ff1e0c5b841d3cf70303\">\n.flex_column.av-4xzk8g-1-bfdd08643621ff1e0c5b841d3cf70303{\nborder-width:2px;\nborder-color:#c80005;\nborder-style:solid;\nborder-radius:20px 20px 20px 20px;\npadding:0 0 0 0;\nbackground-color:#ffffff;\n}\n<\/style>\n<div  class='flex_column av-4xzk8g-1-bfdd08643621ff1e0c5b841d3cf70303 av_one_fifth  avia-builder-el-14  el_after_av_one_fifth  avia-builder-el-last  toggler5 flex_column_div av-zero-column-padding  '     ><style type=\"text\/css\" data-created_by=\"avia_inline_auto\" id=\"style-css-av-31c2gw-e603fe41f40cb19ed3e203ea20eee9ef\">\n.iconbox.av-31c2gw-e603fe41f40cb19ed3e203ea20eee9ef .iconbox_icon{\nbackground-color:#c80005;\n}\n<\/style>\n<article  class='iconbox iconbox_top av-31c2gw-e603fe41f40cb19ed3e203ea20eee9ef  avia-builder-el-15  avia-builder-el-no-sibling  main_color'  itemscope=\"itemscope\" itemtype=\"https:\/\/schema.org\/CreativeWork\" ><div class=\"iconbox_content\"><header class=\"entry-content-header\" aria-label=\"Icon: \"><a href='https:\/\/www.vfg-bonn.de\/fachklinik\/kontakt\/' title='' aria-label=''  class='iconbox_icon heading-color avia-iconfont avia-font-entypo-fontello' data-av_icon='\ue805' data-av_iconfont='entypo-fontello'  ><\/a><\/header><div class='iconbox_content_container '  itemprop=\"text\" ><div class=\"togglecontainer toggle_close_all avia-builder-el-1 avia-builder-el-no-sibling enable_toggles\">\n<div class=\"single_toggle\" data-tags=\"{Alle} \">\n<p class=\"toggler\" data-fake-id=\"#kontakt\">Kontakt<\/p>\n<div id=\"toggle-id-5-container\" class=\"toggle_wrap\">\n<div class=\"toggle_content\">\n<ul>\n<li><a href=\"https:\/\/www.vfg-bonn.de\/fachklinik\/kontakt\/#ansprechpartner\">Ansprech\u00adpartner<\/a><\/li>\n<li><a href=\"https:\/\/www.vfg-bonn.de\/fachklinik\/kontakt\/#anfahrt\">Anfahrt<\/a><\/li>\n<\/ul>\n<\/div>\n<\/div>\n<\/div>\n<\/div>\n<\/div><\/div><footer class=\"entry-footer\"><\/footer><\/article><\/div>\n","protected":false},"excerpt":{"rendered":"","protected":false},"author":1,"featured_media":4400,"parent":0,"menu_order":0,"comment_status":"closed","ping_status":"closed","template":"","meta":{"inline_featured_image":false,"footnotes":""},"class_list":["post-1216","page","type-page","status-publish","has-post-thumbnail","hentry"],"_links":{"self":[{"href":"https:\/\/www.vfg-bonn.de\/fachklinik\/wp-json\/wp\/v2\/pages\/1216","targetHints":{"allow":["GET"]}}],"collection":[{"href":"https:\/\/www.vfg-bonn.de\/fachklinik\/wp-json\/wp\/v2\/pages"}],"about":[{"href":"https:\/\/www.vfg-bonn.de\/fachklinik\/wp-json\/wp\/v2\/types\/page"}],"author":[{"embeddable":true,"href":"https:\/\/www.vfg-bonn.de\/fachklinik\/wp-json\/wp\/v2\/users\/1"}],"replies":[{"embeddable":true,"href":"https:\/\/www.vfg-bonn.de\/fachklinik\/wp-json\/wp\/v2\/comments?post=1216"}],"version-history":[{"count":10,"href":"https:\/\/www.vfg-bonn.de\/fachklinik\/wp-json\/wp\/v2\/pages\/1216\/revisions"}],"predecessor-version":[{"id":4417,"href":"https:\/\/www.vfg-bonn.de\/fachklinik\/wp-json\/wp\/v2\/pages\/1216\/revisions\/4417"}],"wp:featuredmedia":[{"embeddable":true,"href":"https:\/\/www.vfg-bonn.de\/fachklinik\/wp-json\/wp\/v2\/media\/4400"}],"wp:attachment":[{"href":"https:\/\/www.vfg-bonn.de\/fachklinik\/wp-json\/wp\/v2\/media?parent=1216"}],"curies":[{"name":"wp","href":"https:\/\/api.w.org\/{rel}","templated":true}]}}